{"id":361,"date":"2024-10-08T04:58:54","date_gmt":"2024-10-08T04:58:54","guid":{"rendered":"https:\/\/geramanis.ca\/whats-my-home-worth\/"},"modified":"2024-12-13T18:49:36","modified_gmt":"2024-12-13T18:49:36","slug":"quelle-est-la-valeur-de-ma-maison","status":"publish","type":"page","link":"https:\/\/geramanis.ca\/fr\/quelle-est-la-valeur-de-ma-maison\/","title":{"rendered":"Quelle est la valeur de ma maison ?"},"content":{"rendered":"\n    <div class=\"homeEvalutation text-center\">\n        <!-- <h1 class=\"text-center\"><?\/\/= $form_title; ?><\/h1> -->\n        <form id=\"homeEval\" class=\"regform\" method=\"POST\">\n            <input type=\"hidden\" name=\"action\" value=\"mw_home_evaluation\">\n            <input type=\"hidden\" name=\"url\" value=\"http:\/\/geramanis.ca\/fr\/wp-json\/wp\/v2\/pages\/361\">\n            <input type=\"hidden\" name=\"type\" value=\"2\">\n            <input type=\"hidden\" name=\"tags\" value=\"home evaluation\">\n            <input type=\"hidden\" name=\"funnel_id\" value=\"11430\">\n            <input type=\"hidden\" name=\"source\" value=\"website\">\n            <input type=\"hidden\" name=\"address\" value=\"\">\n            <!-- Fieldsets -->\n            <fieldset id=\"first\">\n                <div class=\"row align-items-center\">\n                    <div class=\"col-lg-9 col-sm-8 col-xs-12 mb-3 mb-md-0\">\n                        <input type=\"text\" class=\"text_field form-control\" name=\"location\" id=\"location\"\n                               placeholder=\"Entrez votre adresse pour commencer\" autocomplete=\"off\">\n                    <\/div>\n\n                    <div class=\"col-lg-3 col-sm-4 col-xs-12 mb-3 mb-md-0\">\n                        <input type=\"text\" class=\"text_field form-control\" name=\"apartment\" id=\"apartment\" placeholder=\"Apt#\">\n                    <\/div>\n                <\/div>\n                <!-- Progress Bar -->\n                <div class=\"row justify-content-center mt-4\">\n                    <div class=\"col-lg-4 col-md-4 col-sm-4 col-xs-12 mb-3 mb-md-0\">\n                        <div class=\"single-s s1 active\">\n                            \u00c9tape 1 <br>\n                            Adresse de la propri\u00e9t\u00e9                        <\/div>\n                    <\/div>\n\n                    <div class=\"col-lg-4 col-md-4 col-sm-4 col-xs-12 mb-3 mb-md-0\"\">\n                        <div class=\"single-s s2\">\n                            \u00c9tape 2 <br>\n                            D\u00e9tails de la propri\u00e9t\u00e9                        <\/div>\n                    <\/div>\n\n                    <div class=\"col-lg-4 col-md-4 col-sm-4 col-xs-12 mb-3 mb-md-0\"\">\n                        <div class=\"single-s s3\">\n                            \u00c9tape 3 <br>\n                            \u00c9valuation gratuite                        <\/div>\n                    <\/div>\n                <\/div>\n                <div class=\"row justify-content-end\">\n                    <div class=\"col-lg-3 col-sm-4 col-12\">\n                        <input class=\"next_btn mb-0 form-control\" name=\"next\" id=\"step2\" type=\"button\"\n                               value=\"Suivant\">\n                    <\/div>\n                <\/div>\n            <\/fieldset>\n            <fieldset id=\"second\">\n                <div class=\"title-wrapper\">\n                    <p>Votre maison a \u00e9t\u00e9 trouv\u00e9e! O\u00f9 aimeriez-vous recevoir votre rapport d'\u00e9valuation de la maison?<\/p>\n                <\/div>\n                <div class=\"row align-items-center\">\n                    <div class=\"col-lg-6 col-md-6 col-sm-12\">\n                        <div class=\"map\" id=\"map\"><\/div>\n                    <\/div>\n\n                    <div class=\"col-lg-6 col-md-6 col-sm-12\">\n                        <div class=\"info niceForm\">\n                            <input class=\"text_field form-control\" name=\"name\"\n                                   placeholder=\"Votre Nom\"\n                                   type=\"text\">\n                            <input class=\"text_field form-control\" name=\"email\"\n                                   placeholder=\"Votre Courriel\"\n                                   type=\"text\">\n                            <input class=\"text_field form-control\" name=\"phone\"\n                                   placeholder=\"Votre T\u00e9l\u00e9phone\"\n                                   type=\"text\">\n                            <select class=\"options form-control\" name=\"selling\">\n                                <option value=\"--Selling In--\">--Date de la vente--<\/option>\n                                <option value=\"1-3 Months\">1 \u00e0 3 mois<\/option>\n                                <option value=\"3-6 Months\">3 \u00e0 6 Mois<\/option>\n                                <option value=\"6-12 Months\">6 \u00e0 12 mois<\/option>\n                                <option value=\"Just Curious\">Par curiosit\u00e9<\/option>\n                                <option value=\"Refinancing\">Refinancement<\/option>\n                            <\/select>\n                        <\/div>\n                        <input class=\"pre_btn\" name=\"previous\" type=\"button\"\n                               value=\"Pr\u00e9c\u00e9dent\">\n                        <input class=\"next_btn\" name=\"next\" id=\"submitEmail\" type=\"button\"\n                               value=\"Suivant\">\n                    <\/div>\n                <\/div>\n                <!-- Progress Bar -->\n                <div class=\"row justify-content-center mt-4\">\n                    <div class=\"col-lg-4 col-md-4 col-sm-4 col-xs-12 mb-3 mb-md-0\">\n                        <div class=\"single-s s1 active\">\n                            \u00c9tape 1 <br>\n                            Adresse de la propri\u00e9t\u00e9                        <\/div>\n                    <\/div>\n\n                    <div class=\"col-lg-4 col-md-4 col-sm-4 col-xs-12 mb-3 mb-md-0\">\n                        <div class=\"single-s s2\">\n                            \u00c9tape 2 <br>\n                            D\u00e9tails de la propri\u00e9t\u00e9                        <\/div>\n                    <\/div>\n\n                    <div class=\"col-lg-4 col-md-4 col-sm-4 col-xs-12 mb-3 mb-md-0\">\n                        <div class=\"single-s s3\">\n                            \u00c9tape 3 <br>\n                            \u00c9valuation gratuite                        <\/div>\n                    <\/div>\n                <\/div>\n            <\/fieldset>\n            <fieldset id=\"third\">\n                <div class=\"col-lg-12 col-xs-12\">\n                    <div class=\"content\">\n                        <p>Terry Geramanis vous contactera dans les plus brefs d\u00e9lais pour vous pr\u00e9senter une analyse compl\u00e8te de la valeur de votre propri\u00e9t\u00e9.<\/p>\n                        <div class=\"btn-wrapper mt-3\">\n                            <a class=\"btn-default\"\n                               href=\"https:\/\/geramanis.ca\/fr\/\/proprietes\/\">Voir les propri\u00e9t\u00e9s<\/a>\n                        <\/div>\n                    <\/div>\n                <\/div>\n            <\/fieldset>\n        <\/form>\n    <\/div>\n    <script>\n        (function ($) {\n            $(document).ready(function () {\n                $(\"#step2\").click(function () {\n                    if ($('input[name=\"location\"]').val() == \"\") {\n                        alert(\"Location field is necessary!\");\n                        return false;\n                    } else {\n                        let apt = \"\";\n\n                        if($('input[name=\"apartment\"]').val() != \"\")\n                            apt = \"#\" + $('input[name=\"apartment\"]').val() + \" \";\n    \n                        $('input[name=\"address\"]').val( apt + $('input[name=\"location\"]').val());\n                        $('#second').fadeIn('slow');\n                        $('#first').css({'display': 'none'});\n                        $('.s2').addClass('active');\n\n                        let center = map.getCenter();\n                        google.maps.event.trigger(map, 'resize');\n                        map.setCenter(center);\n\n                        return true;\n                    }\n                });\n\n                $(\".pre_btn\").click(function () {\n                    $('#first').fadeIn('slow');\n                    $('#second').css({'display': 'none'});\n\n                    $('.s2').removeClass('active');\n                });\n\n                $(\"#submitEmail\").click(function () {\n                    let re = \/^(([^<>()[\\]\\\\.,;:\\s@\"]+(\\.[^<>()[\\]\\\\.,;:\\s@\"]+)*)|(\".+\"))@((\\[[0-9]{1,3}\\.[0-9]{1,3}\\.[0-9]{1,3}\\.[0-9]{1,3}])|(([a-zA-Z\\-0-9]+\\.)+[a-zA-Z]{2,}))$\/;\n                    if ($('input[name=\"name\"]').val() == \"\") {\n                        alert(\"Name field is invalid!\");\n                        return false;\n                    } else if (!re.test($('input[name=\"email\"]').val())) {\n                        alert(\"Email field is invalid!\");\n                        return false;\n                    } else if ($('input[name=\"phone\"]').val() == \"\") {\n                        alert(\"Phone field is invalid!\");\n                        return false;\n                    } else {\n                        let el = $(this);\n                        $.ajax({\n                            type: \"POST\",\n                            url: realEstateJs.ajaxUrl,\n                            data: $(\"#homeEval\").serialize(),\n                            success: function (data) {\n                                console.log(data);\n                                if (data.success) {\n                                    $(el).parent().next().fadeIn('slow');\n                                    $(el).parent().css({'display': 'none'});\n                                    $('.active').next().addClass('active');\n\n                                    \/\/ webhook\n                                    $.post( \"https:\/\/app.utilmo.com\/webhook\/BorXG7tqzEFwoQnjGlJoOg\", $(\"#homeEval\").serialize() );\n                                }\n                            },\n                            error: function (e) {\n                                console.log(e.responseText);\n                            }\n                        });\n\n                        $('.s3').addClass('active');\n                        $('#third').fadeIn('slow');\n                        $('#second').css({'display': 'none'});\n                    }\n                });\n            });\n\n            \/\/Autocomplete variables\n            let input = document.getElementById('location'),\n                step2 = document.getElementById('step2'),\n                place;\n\n            let observerHack = new MutationObserver(function () {\n                observerHack.disconnect();\n                $(\"#location\").attr(\"autocomplete\", \"new-password\").attr(\"disabled\", false);\n            });\n\n            observerHack.observe(input, {\n                attributes: true,\n                attributeFilter: ['autocomplete']\n            });\n\n            let autocomplete = new google.maps.places.Autocomplete(input);\n\n            \/\/Google Map variables\n            let map, marker;\n\n            \/\/Add listener to detect autocomplete selection\n            google.maps.event.addListener(autocomplete, 'place_changed', function () {\n                place = autocomplete.getPlace();\n            });\n\n            \/\/Add listener to search\n            step2.addEventListener(\"click\", function () {\n                let newlatlong = new google.maps.LatLng(place.geometry.location.lat(), place.geometry.location.lng());\n                map.setCenter(newlatlong);\n                marker.setPosition(newlatlong);\n                map.setZoom(18);\n                map.setMapTypeId(google.maps.MapTypeId.SATELLITE);\n            });\n\n            \/\/Reset the inpout box on click\n            input.addEventListener('click', function () {\n                \/\/input.value = \"\";\n            });\n\n            function initialize() {\n                let myLatlng = new google.maps.LatLng(45.5549753, -73.9491394);\n                let mapOptions = {\n                    zoom: 1,\n                    center: myLatlng\n                };\n\n                map = new google.maps.Map(document.getElementById('map'), mapOptions);\n\n                marker = new google.maps.Marker({\n                    position: myLatlng,\n                    map: map,\n                    title: 'Main map'\n                });\n            }\n\n            google.maps.event.addDomListener(window, 'load', initialize);\n        }(jQuery));\n    <\/script>\n    \n","protected":false},"excerpt":{"rendered":"","protected":false},"author":4,"featured_media":0,"parent":0,"menu_order":0,"comment_status":"closed","ping_status":"closed","template":"template-evalution.php","meta":{"_acf_changed":false,"footnotes":""},"class_list":["post-361","page","type-page","status-publish","hentry"],"acf":[],"yoast_head":"<!-- This site is optimized with the Yoast SEO plugin v26.2 - https:\/\/yoast.com\/wordpress\/plugins\/seo\/ -->\n<title>Quelle est la valeur de ma maison ? - Terry Geramanis - Courtier Immobilier<\/title>\n<meta name=\"robots\" content=\"noindex, follow, max-snippet:-1, max-image-preview:large, max-video-preview:-1\" \/>\n<meta property=\"og:locale\" content=\"fr_FR\" \/>\n<meta property=\"og:type\" content=\"article\" \/>\n<meta property=\"og:title\" content=\"Quelle est la valeur de ma maison ? - Terry Geramanis - Courtier Immobilier\" \/>\n<meta property=\"og:url\" content=\"https:\/\/geramanis.ca\/fr\/quelle-est-la-valeur-de-ma-maison\/\" \/>\n<meta property=\"og:site_name\" content=\"Terry Geramanis\" \/>\n<meta property=\"article:modified_time\" content=\"2024-12-13T18:49:36+00:00\" \/>\n<meta property=\"og:image\" content=\"https:\/\/geramanis.ca\/wp-content\/uploads\/2024\/10\/og.jpg\" \/>\n\t<meta property=\"og:image:width\" content=\"1894\" \/>\n\t<meta property=\"og:image:height\" content=\"941\" \/>\n\t<meta property=\"og:image:type\" content=\"image\/jpeg\" \/>\n<meta name=\"twitter:card\" content=\"summary_large_image\" \/>\n<meta name=\"twitter:label1\" content=\"Dur\u00e9e de lecture estim\u00e9e\" \/>\n\t<meta name=\"twitter:data1\" content=\"1 minute\" \/>\n<script type=\"application\/ld+json\" class=\"yoast-schema-graph\">{\"@context\":\"https:\/\/schema.org\",\"@graph\":[{\"@type\":\"WebPage\",\"@id\":\"https:\/\/geramanis.ca\/fr\/quelle-est-la-valeur-de-ma-maison\/\",\"url\":\"https:\/\/geramanis.ca\/fr\/quelle-est-la-valeur-de-ma-maison\/\",\"name\":\"Quelle est la valeur de ma maison ? - Terry Geramanis - Courtier Immobilier\",\"isPartOf\":{\"@id\":\"https:\/\/terry.mwhost.ca\/#website\"},\"datePublished\":\"2024-10-08T04:58:54+00:00\",\"dateModified\":\"2024-12-13T18:49:36+00:00\",\"breadcrumb\":{\"@id\":\"https:\/\/geramanis.ca\/fr\/quelle-est-la-valeur-de-ma-maison\/#breadcrumb\"},\"inLanguage\":\"fr-FR\",\"potentialAction\":[{\"@type\":\"ReadAction\",\"target\":[\"https:\/\/geramanis.ca\/fr\/quelle-est-la-valeur-de-ma-maison\/\"]}]},{\"@type\":\"BreadcrumbList\",\"@id\":\"https:\/\/geramanis.ca\/fr\/quelle-est-la-valeur-de-ma-maison\/#breadcrumb\",\"itemListElement\":[{\"@type\":\"ListItem\",\"position\":1,\"name\":\"Home\",\"item\":\"https:\/\/geramanis.ca\/fr\/\"},{\"@type\":\"ListItem\",\"position\":2,\"name\":\"Quelle est la valeur de ma maison ?\"}]},{\"@type\":\"WebSite\",\"@id\":\"https:\/\/terry.mwhost.ca\/#website\",\"url\":\"https:\/\/terry.mwhost.ca\/\",\"name\":\"Terry Geramanis\",\"description\":\"Courtier Immobilier\",\"potentialAction\":[{\"@type\":\"SearchAction\",\"target\":{\"@type\":\"EntryPoint\",\"urlTemplate\":\"https:\/\/terry.mwhost.ca\/?s={search_term_string}\"},\"query-input\":{\"@type\":\"PropertyValueSpecification\",\"valueRequired\":true,\"valueName\":\"search_term_string\"}}],\"inLanguage\":\"fr-FR\"}]}<\/script>\n<!-- \/ Yoast SEO plugin. -->","yoast_head_json":{"title":"Quelle est la valeur de ma maison ? - Terry Geramanis - Courtier Immobilier","robots":{"index":"noindex","follow":"follow","max-snippet":"max-snippet:-1","max-image-preview":"max-image-preview:large","max-video-preview":"max-video-preview:-1"},"og_locale":"fr_FR","og_type":"article","og_title":"Quelle est la valeur de ma maison ? - Terry Geramanis - Courtier Immobilier","og_url":"https:\/\/geramanis.ca\/fr\/quelle-est-la-valeur-de-ma-maison\/","og_site_name":"Terry Geramanis","article_modified_time":"2024-12-13T18:49:36+00:00","og_image":[{"width":1894,"height":941,"url":"https:\/\/geramanis.ca\/wp-content\/uploads\/2024\/10\/og.jpg","type":"image\/jpeg"}],"twitter_card":"summary_large_image","twitter_misc":{"Dur\u00e9e de lecture estim\u00e9e":"1 minute"},"schema":{"@context":"https:\/\/schema.org","@graph":[{"@type":"WebPage","@id":"https:\/\/geramanis.ca\/fr\/quelle-est-la-valeur-de-ma-maison\/","url":"https:\/\/geramanis.ca\/fr\/quelle-est-la-valeur-de-ma-maison\/","name":"Quelle est la valeur de ma maison ? - Terry Geramanis - Courtier Immobilier","isPartOf":{"@id":"https:\/\/terry.mwhost.ca\/#website"},"datePublished":"2024-10-08T04:58:54+00:00","dateModified":"2024-12-13T18:49:36+00:00","breadcrumb":{"@id":"https:\/\/geramanis.ca\/fr\/quelle-est-la-valeur-de-ma-maison\/#breadcrumb"},"inLanguage":"fr-FR","potentialAction":[{"@type":"ReadAction","target":["https:\/\/geramanis.ca\/fr\/quelle-est-la-valeur-de-ma-maison\/"]}]},{"@type":"BreadcrumbList","@id":"https:\/\/geramanis.ca\/fr\/quelle-est-la-valeur-de-ma-maison\/#breadcrumb","itemListElement":[{"@type":"ListItem","position":1,"name":"Home","item":"https:\/\/geramanis.ca\/fr\/"},{"@type":"ListItem","position":2,"name":"Quelle est la valeur de ma maison ?"}]},{"@type":"WebSite","@id":"https:\/\/terry.mwhost.ca\/#website","url":"https:\/\/terry.mwhost.ca\/","name":"Terry Geramanis","description":"Courtier Immobilier","potentialAction":[{"@type":"SearchAction","target":{"@type":"EntryPoint","urlTemplate":"https:\/\/terry.mwhost.ca\/?s={search_term_string}"},"query-input":{"@type":"PropertyValueSpecification","valueRequired":true,"valueName":"search_term_string"}}],"inLanguage":"fr-FR"}]}},"_links":{"self":[{"href":"https:\/\/geramanis.ca\/fr\/wp-json\/wp\/v2\/pages\/361","targetHints":{"allow":["GET"]}}],"collection":[{"href":"https:\/\/geramanis.ca\/fr\/wp-json\/wp\/v2\/pages"}],"about":[{"href":"https:\/\/geramanis.ca\/fr\/wp-json\/wp\/v2\/types\/page"}],"author":[{"embeddable":true,"href":"https:\/\/geramanis.ca\/fr\/wp-json\/wp\/v2\/users\/4"}],"replies":[{"embeddable":true,"href":"https:\/\/geramanis.ca\/fr\/wp-json\/wp\/v2\/comments?post=361"}],"version-history":[{"count":5,"href":"https:\/\/geramanis.ca\/fr\/wp-json\/wp\/v2\/pages\/361\/revisions"}],"predecessor-version":[{"id":686,"href":"https:\/\/geramanis.ca\/fr\/wp-json\/wp\/v2\/pages\/361\/revisions\/686"}],"wp:attachment":[{"href":"https:\/\/geramanis.ca\/fr\/wp-json\/wp\/v2\/media?parent=361"}],"curies":[{"name":"wp","href":"https:\/\/api.w.org\/{rel}","templated":true}]}}